{"id":232,"date":"2019-10-14T17:49:22","date_gmt":"2019-10-14T17:49:22","guid":{"rendered":"https:\/\/omgconsultores.com.ar\/wp\/?page_id=232"},"modified":"2019-10-15T00:56:19","modified_gmt":"2019-10-15T00:56:19","slug":"alquiler-4","status":"publish","type":"page","link":"https:\/\/omgconsultores.com.ar\/wp\/sample-page\/alquiler-4\/","title":{"rendered":"Garant\u00eda de Alquiler"},"content":{"rendered":"\n<h3 class=\"wp-block-heading\" style=\"text-align:left\"><strong>\u00a1Trabajamos con las mejores aseguradoras del pa\u00eds! <\/strong><\/h3>\n\n\n\n<p class=\"has-text-color has-medium-font-size has-vivid-red-color\"><strong>Obten\u00e9 tu Seguro de Garant\u00eda para Alquiler en s\u00f3lo 1 d\u00eda, al mejor costo del mercado.<\/strong><\/p>\n\n\n\n<p>Ponete en contacto con un asesor <a href=\"https:\/\/web.whatsapp.com\/send?phone=5491125202334\">ONLINE<\/a> y conoc\u00e9 tus alternativas, o bien complet\u00e1 los datos del formulario y te contactaremos para asesorarte sobre tus alternativas. <\/p>\n\n\n\n<p>Para reducir los tiempos pod\u00e9s enviarnos adjuntas las copias de tus comprobantes de ingreso, haciendo \u00abclick\u00bb en el bot\u00f3n \u00abAdjuntar\u00bb. Caso contrario, en el cuerpo del mensaje pod\u00e9s detallarnos la siguiente informaci\u00f3n:<\/p>\n\n\n\n<ul class=\"wp-block-list\"><li>DNI del Inquilino<\/li><li>Ingreso Bruto mensual<\/li><li>Valor del Primer mes de alquiler<\/li><\/ul>\n\n\n\n\n\n<blockquote class=\"wp-block-quote is-style-large is-layout-flow wp-block-quote-is-layout-flow\"><p>\u00abSabemos que tu tiempo es lo m\u00e1s importante\u00bb<\/p><cite> Por eso te acercamos la posibilidad de gestionar tu Seguro de Garant\u00eda para alquileres en forma directa. S\u00f3lo deb\u00e9s hacer \u00abclick\u00bb en el bot\u00f3n verde y podr\u00e1s gestionarlo en forma directa con la aseguradora. <\/cite><\/blockquote>\n\n\n\n<div class=\"wp-block-button alignleft is-style-outline is-style-outline--1\"><a class=\"wp-block-button__link has-text-color has-very-light-gray-color has-background has-vivid-green-cyan-background-color\" href=\"https:\/\/alquileres.creditoycaucion.com.ar\/?ref=1010\">AUTOGESTI\u00d3N<\/a><\/div>\n","protected":false},"excerpt":{"rendered":"<p>\u00a1Trabajamos con las mejores aseguradoras del pa\u00eds! Obten\u00e9 tu Seguro de Garant\u00eda para Alquiler en s\u00f3lo 1 d\u00eda, al mejor costo del mercado. Ponete en contacto con un asesor ONLINE y conoc\u00e9 tus alternativas, o bien complet\u00e1 los datos del formulario y te contactaremos para asesorarte sobre tus alternativas. Para reducir los tiempos pod\u00e9s enviarnos <a href=\"https:\/\/omgconsultores.com.ar\/wp\/sample-page\/alquiler-4\/\" rel=\"nofollow\"><span class=\"sr-only\">Leer m\u00e1sGarant\u00eda de Alquiler<\/span>[&hellip;]<\/a><\/p>\n","protected":false},"author":2,"featured_media":0,"parent":2,"menu_order":0,"comment_status":"closed","ping_status":"closed","template":"","meta":{"footnotes":""},"class_list":["post-232","page","type-page","status-publish","hentry"],"yoast_head":"<!-- This site is optimized with the Yoast SEO plugin v27.3 - https:\/\/yoast.com\/product\/yoast-seo-wordpress\/ -->\n<title>Garant\u00eda de Alquiler | OMG Consultores en Seguros<\/title>\n<meta name=\"robots\" content=\"index, follow, max-snippet:-1, max-image-preview:large, max-video-preview:-1\" \/>\n<link rel=\"canonical\" href=\"https:\/\/omgconsultores.com.ar\/wp\/sample-page\/alquiler-4\/\" \/>\n<meta property=\"og:locale\" content=\"es_ES\" \/>\n<meta property=\"og:type\" content=\"article\" \/>\n<meta property=\"og:title\" content=\"Garant\u00eda de Alquiler | OMG Consultores en Seguros\" \/>\n<meta property=\"og:description\" content=\"\u00a1Trabajamos con las mejores aseguradoras del pa\u00eds! Obten\u00e9 tu Seguro de Garant\u00eda para Alquiler en s\u00f3lo 1 d\u00eda, al mejor costo del mercado. Ponete en contacto con un asesor ONLINE y conoc\u00e9 tus alternativas, o bien complet\u00e1 los datos del formulario y te contactaremos para asesorarte sobre tus alternativas. Para reducir los tiempos pod\u00e9s enviarnos Leer m\u00e1sGarant\u00eda de Alquiler[&hellip;]\" \/>\n<meta property=\"og:url\" content=\"https:\/\/omgconsultores.com.ar\/wp\/sample-page\/alquiler-4\/\" \/>\n<meta property=\"og:site_name\" content=\"OMG Consultores en Seguros\" \/>\n<meta property=\"article:publisher\" content=\"https:\/\/www.facebook.com\/omgconsultores\/\" \/>\n<meta property=\"article:modified_time\" content=\"2019-10-15T00:56:19+00:00\" \/>\n<meta property=\"og:image\" content=\"https:\/\/omgconsultores.com.ar\/wp\/wp-content\/uploads\/2023\/04\/VERSIONES-DE-LOGO-EN-PNG-A-COLOR-PRINCIPALES_logo-horizontal-version-dos-azul-marino.png\" \/>\n\t<meta property=\"og:image:width\" content=\"2250\" \/>\n\t<meta property=\"og:image:height\" content=\"2250\" \/>\n\t<meta property=\"og:image:type\" content=\"image\/png\" \/>\n<meta name=\"twitter:card\" content=\"summary_large_image\" \/>\n<meta name=\"twitter:label1\" content=\"Tiempo de lectura\" \/>\n\t<meta name=\"twitter:data1\" content=\"1 minuto\" \/>\n<script type=\"application\/ld+json\" class=\"yoast-schema-graph\">{\"@context\":\"https:\\\/\\\/schema.org\",\"@graph\":[{\"@type\":\"WebPage\",\"@id\":\"https:\\\/\\\/omgconsultores.com.ar\\\/wp\\\/sample-page\\\/alquiler-4\\\/\",\"url\":\"https:\\\/\\\/omgconsultores.com.ar\\\/wp\\\/sample-page\\\/alquiler-4\\\/\",\"name\":\"Garant\u00eda de Alquiler | OMG Consultores en Seguros\",\"isPartOf\":{\"@id\":\"https:\\\/\\\/omgconsultores.com.ar\\\/wp\\\/#website\"},\"datePublished\":\"2019-10-14T17:49:22+00:00\",\"dateModified\":\"2019-10-15T00:56:19+00:00\",\"breadcrumb\":{\"@id\":\"https:\\\/\\\/omgconsultores.com.ar\\\/wp\\\/sample-page\\\/alquiler-4\\\/#breadcrumb\"},\"inLanguage\":\"es\",\"potentialAction\":[{\"@type\":\"ReadAction\",\"target\":[\"https:\\\/\\\/omgconsultores.com.ar\\\/wp\\\/sample-page\\\/alquiler-4\\\/\"]}]},{\"@type\":\"BreadcrumbList\",\"@id\":\"https:\\\/\\\/omgconsultores.com.ar\\\/wp\\\/sample-page\\\/alquiler-4\\\/#breadcrumb\",\"itemListElement\":[{\"@type\":\"ListItem\",\"position\":1,\"name\":\"Portada\",\"item\":\"https:\\\/\\\/omgconsultores.com.ar\\\/wp\\\/\"},{\"@type\":\"ListItem\",\"position\":2,\"name\":\"Sample Page\",\"item\":\"https:\\\/\\\/omgconsultores.com.ar\\\/wp\\\/sample-page\\\/\"},{\"@type\":\"ListItem\",\"position\":3,\"name\":\"Garant\u00eda de Alquiler\"}]},{\"@type\":\"WebSite\",\"@id\":\"https:\\\/\\\/omgconsultores.com.ar\\\/wp\\\/#website\",\"url\":\"https:\\\/\\\/omgconsultores.com.ar\\\/wp\\\/\",\"name\":\"OMG Consultores en Seguros\",\"description\":\"Asesorando Seguros\",\"publisher\":{\"@id\":\"https:\\\/\\\/omgconsultores.com.ar\\\/wp\\\/#organization\"},\"alternateName\":\"OMG Consultores \\\/ Seguros para Empresas y Personas\",\"potentialAction\":[{\"@type\":\"SearchAction\",\"target\":{\"@type\":\"EntryPoint\",\"urlTemplate\":\"https:\\\/\\\/omgconsultores.com.ar\\\/wp\\\/?s={search_term_string}\"},\"query-input\":{\"@type\":\"PropertyValueSpecification\",\"valueRequired\":true,\"valueName\":\"search_term_string\"}}],\"inLanguage\":\"es\"},{\"@type\":\"Organization\",\"@id\":\"https:\\\/\\\/omgconsultores.com.ar\\\/wp\\\/#organization\",\"name\":\"Grupo OMG Consultores - Seguros para Empresas - Seguros para personas.\",\"url\":\"https:\\\/\\\/omgconsultores.com.ar\\\/wp\\\/\",\"logo\":{\"@type\":\"ImageObject\",\"inLanguage\":\"es\",\"@id\":\"https:\\\/\\\/omgconsultores.com.ar\\\/wp\\\/#\\\/schema\\\/logo\\\/image\\\/\",\"url\":\"https:\\\/\\\/omgconsultores.com.ar\\\/wp-content\\\/uploads\\\/2023\\\/04\\\/VERSIONES-DE-LOGO-EN-PNG-A-COLOR-PRINCIPALES_logo-horizontal-version-dos-azul-marino.png\",\"contentUrl\":\"https:\\\/\\\/omgconsultores.com.ar\\\/wp-content\\\/uploads\\\/2023\\\/04\\\/VERSIONES-DE-LOGO-EN-PNG-A-COLOR-PRINCIPALES_logo-horizontal-version-dos-azul-marino.png\",\"width\":2250,\"height\":2250,\"caption\":\"Grupo OMG Consultores - Seguros para Empresas - Seguros para personas.\"},\"image\":{\"@id\":\"https:\\\/\\\/omgconsultores.com.ar\\\/wp\\\/#\\\/schema\\\/logo\\\/image\\\/\"},\"sameAs\":[\"https:\\\/\\\/www.facebook.com\\\/omgconsultores\\\/\",\"https:\\\/\\\/www.instagram.com\\\/omgconsultores\\\/?igshid=1watimalfwmwl\",\"https:\\\/\\\/www.linkedin.com\\\/in\\\/grupo-omg-consultores-29758b170\\\/?originalSubdomain=ar\",\"https:\\\/\\\/g.page\\\/omgconsultores?gm\",\"https:\\\/\\\/www.youtube.com\\\/channel\\\/UCN0yhafJlabvEkVYdCRTpHQ\"]}]}<\/script>\n<!-- \/ Yoast SEO plugin. -->","yoast_head_json":{"title":"Garant\u00eda de Alquiler | OMG Consultores en Seguros","robots":{"index":"index","follow":"follow","max-snippet":"max-snippet:-1","max-image-preview":"max-image-preview:large","max-video-preview":"max-video-preview:-1"},"canonical":"https:\/\/omgconsultores.com.ar\/wp\/sample-page\/alquiler-4\/","og_locale":"es_ES","og_type":"article","og_title":"Garant\u00eda de Alquiler | OMG Consultores en Seguros","og_description":"\u00a1Trabajamos con las mejores aseguradoras del pa\u00eds! Obten\u00e9 tu Seguro de Garant\u00eda para Alquiler en s\u00f3lo 1 d\u00eda, al mejor costo del mercado. Ponete en contacto con un asesor ONLINE y conoc\u00e9 tus alternativas, o bien complet\u00e1 los datos del formulario y te contactaremos para asesorarte sobre tus alternativas. Para reducir los tiempos pod\u00e9s enviarnos Leer m\u00e1sGarant\u00eda de Alquiler[&hellip;]","og_url":"https:\/\/omgconsultores.com.ar\/wp\/sample-page\/alquiler-4\/","og_site_name":"OMG Consultores en Seguros","article_publisher":"https:\/\/www.facebook.com\/omgconsultores\/","article_modified_time":"2019-10-15T00:56:19+00:00","og_image":[{"width":2250,"height":2250,"url":"https:\/\/omgconsultores.com.ar\/wp\/wp-content\/uploads\/2023\/04\/VERSIONES-DE-LOGO-EN-PNG-A-COLOR-PRINCIPALES_logo-horizontal-version-dos-azul-marino.png","type":"image\/png"}],"twitter_card":"summary_large_image","twitter_misc":{"Tiempo de lectura":"1 minuto"},"schema":{"@context":"https:\/\/schema.org","@graph":[{"@type":"WebPage","@id":"https:\/\/omgconsultores.com.ar\/wp\/sample-page\/alquiler-4\/","url":"https:\/\/omgconsultores.com.ar\/wp\/sample-page\/alquiler-4\/","name":"Garant\u00eda de Alquiler | OMG Consultores en Seguros","isPartOf":{"@id":"https:\/\/omgconsultores.com.ar\/wp\/#website"},"datePublished":"2019-10-14T17:49:22+00:00","dateModified":"2019-10-15T00:56:19+00:00","breadcrumb":{"@id":"https:\/\/omgconsultores.com.ar\/wp\/sample-page\/alquiler-4\/#breadcrumb"},"inLanguage":"es","potentialAction":[{"@type":"ReadAction","target":["https:\/\/omgconsultores.com.ar\/wp\/sample-page\/alquiler-4\/"]}]},{"@type":"BreadcrumbList","@id":"https:\/\/omgconsultores.com.ar\/wp\/sample-page\/alquiler-4\/#breadcrumb","itemListElement":[{"@type":"ListItem","position":1,"name":"Portada","item":"https:\/\/omgconsultores.com.ar\/wp\/"},{"@type":"ListItem","position":2,"name":"Sample Page","item":"https:\/\/omgconsultores.com.ar\/wp\/sample-page\/"},{"@type":"ListItem","position":3,"name":"Garant\u00eda de Alquiler"}]},{"@type":"WebSite","@id":"https:\/\/omgconsultores.com.ar\/wp\/#website","url":"https:\/\/omgconsultores.com.ar\/wp\/","name":"OMG Consultores en Seguros","description":"Asesorando Seguros","publisher":{"@id":"https:\/\/omgconsultores.com.ar\/wp\/#organization"},"alternateName":"OMG Consultores \/ Seguros para Empresas y Personas","potentialAction":[{"@type":"SearchAction","target":{"@type":"EntryPoint","urlTemplate":"https:\/\/omgconsultores.com.ar\/wp\/?s={search_term_string}"},"query-input":{"@type":"PropertyValueSpecification","valueRequired":true,"valueName":"search_term_string"}}],"inLanguage":"es"},{"@type":"Organization","@id":"https:\/\/omgconsultores.com.ar\/wp\/#organization","name":"Grupo OMG Consultores - Seguros para Empresas - Seguros para personas.","url":"https:\/\/omgconsultores.com.ar\/wp\/","logo":{"@type":"ImageObject","inLanguage":"es","@id":"https:\/\/omgconsultores.com.ar\/wp\/#\/schema\/logo\/image\/","url":"https:\/\/omgconsultores.com.ar\/wp-content\/uploads\/2023\/04\/VERSIONES-DE-LOGO-EN-PNG-A-COLOR-PRINCIPALES_logo-horizontal-version-dos-azul-marino.png","contentUrl":"https:\/\/omgconsultores.com.ar\/wp-content\/uploads\/2023\/04\/VERSIONES-DE-LOGO-EN-PNG-A-COLOR-PRINCIPALES_logo-horizontal-version-dos-azul-marino.png","width":2250,"height":2250,"caption":"Grupo OMG Consultores - Seguros para Empresas - Seguros para personas."},"image":{"@id":"https:\/\/omgconsultores.com.ar\/wp\/#\/schema\/logo\/image\/"},"sameAs":["https:\/\/www.facebook.com\/omgconsultores\/","https:\/\/www.instagram.com\/omgconsultores\/?igshid=1watimalfwmwl","https:\/\/www.linkedin.com\/in\/grupo-omg-consultores-29758b170\/?originalSubdomain=ar","https:\/\/g.page\/omgconsultores?gm","https:\/\/www.youtube.com\/channel\/UCN0yhafJlabvEkVYdCRTpHQ"]}]}},"_links":{"self":[{"href":"https:\/\/omgconsultores.com.ar\/wp\/wp-json\/wp\/v2\/pages\/232","targetHints":{"allow":["GET"]}}],"collection":[{"href":"https:\/\/omgconsultores.com.ar\/wp\/wp-json\/wp\/v2\/pages"}],"about":[{"href":"https:\/\/omgconsultores.com.ar\/wp\/wp-json\/wp\/v2\/types\/page"}],"author":[{"embeddable":true,"href":"https:\/\/omgconsultores.com.ar\/wp\/wp-json\/wp\/v2\/users\/2"}],"replies":[{"embeddable":true,"href":"https:\/\/omgconsultores.com.ar\/wp\/wp-json\/wp\/v2\/comments?post=232"}],"version-history":[{"count":32,"href":"https:\/\/omgconsultores.com.ar\/wp\/wp-json\/wp\/v2\/pages\/232\/revisions"}],"predecessor-version":[{"id":371,"href":"https:\/\/omgconsultores.com.ar\/wp\/wp-json\/wp\/v2\/pages\/232\/revisions\/371"}],"up":[{"embeddable":true,"href":"https:\/\/omgconsultores.com.ar\/wp\/wp-json\/wp\/v2\/pages\/2"}],"wp:attachment":[{"href":"https:\/\/omgconsultores.com.ar\/wp\/wp-json\/wp\/v2\/media?parent=232"}],"curies":[{"name":"wp","href":"https:\/\/api.w.org\/{rel}","templated":true}]}}